{"id":267,"date":"2025-12-11T20:54:22","date_gmt":"2025-12-11T20:54:22","guid":{"rendered":"https:\/\/www.pueblosqueenamoran.com\/?page_id=267"},"modified":"2025-12-28T08:30:22","modified_gmt":"2025-12-28T08:30:22","slug":"restaurantes-que-enamoran-2","status":"publish","type":"page","link":"https:\/\/www.pueblosqueenamoran.com\/index.php\/restaurantes-que-enamoran-2\/","title":{"rendered":"Restaurantes Que Enamoran"},"content":{"rendered":"<p>[et_pb_section fb_built=\u00bb1&#8243; admin_label=\u00bbHeader\u00bb _builder_version=\u00bb4.27.4&#8243; _module_preset=\u00bbdefault\u00bb use_background_color_gradient=\u00bbon\u00bb background_color_gradient_direction=\u00bb135deg\u00bb background_color_gradient_stops=\u00bbrgba(0,0,0,0.92) 25%|rgba(0,0,0,0) 100%\u00bb background_color_gradient_overlays_image=\u00bbon\u00bb background_image=\u00bbhttps:\/\/www.pueblosqueenamoran.com\/wp-content\/uploads\/2025\/12\/Restaurantes-que-enamoran.jpg\u00bb bottom_divider_style=\u00bbwave\u00bb bottom_divider_color=\u00bb#FFFFFF\u00bb bottom_divider_height=\u00bb12vw\u00bb locked=\u00bboff\u00bb collapsed=\u00bbon\u00bb global_colors_info=\u00bb{}\u00bb][et_pb_row column_structure=\u00bb3_5,2_5&#8243; _builder_version=\u00bb4.27.4&#8243; _module_preset=\u00bbdefault\u00bb hover_enabled=\u00bb0&#8243; global_colors_info=\u00bb{}\u00bb sticky_enabled=\u00bb0&#8243;][et_pb_column type=\u00bb3_5&#8243; _builder_version=\u00bb4.17.4&#8243; _module_preset=\u00bbdefault\u00bb global_colors_info=\u00bb{}\u00bb][et_pb_text _builder_version=\u00bb4.27.4&#8243; _module_preset=\u00bbc16985e1-e0d6-4022-964d-e2bfc04fa633&#8243; header_font=\u00bbPoppins|600|||||||\u00bb header_text_color=\u00bb#FFFFFF\u00bb header_font_size=\u00bb60px\u00bb hover_enabled=\u00bb0&#8243; header_font_size_tablet=\u00bb40px\u00bb header_font_size_phone=\u00bb24px\u00bb header_font_size_last_edited=\u00bbon|desktop\u00bb global_colors_info=\u00bb{}\u00bb sticky_enabled=\u00bb0&#8243;]<\/p>\n<h1>RESTAURANTES QUE\u00a0 ENAMORAN<\/h1>\n<p>[\/et_pb_text][et_pb_text _builder_version=\u00bb4.27.4&#8243; _module_preset=\u00bbc16985e1-e0d6-4022-964d-e2bfc04fa633&#8243; text_font=\u00bbLibre Franklin|600|||||||\u00bb text_text_color=\u00bb#FFFFFF\u00bb text_font_size=\u00bb16px\u00bb header_font=\u00bbPoppins|600|||||||\u00bb header_text_color=\u00bb#FFFFFF\u00bb header_font_size=\u00bb75px\u00bb header_font_size_tablet=\u00bb40px\u00bb header_font_size_phone=\u00bb24px\u00bb header_font_size_last_edited=\u00bbon|desktop\u00bb global_colors_info=\u00bb{}\u00bb]<\/p>\n<p style=\"text-align: justify;\">\u201cRestaurantes que Enamoran\u201d re\u00fane los locales m\u00e1s especiales de Extremadura: sitios donde la comida sabe a verdad, a producto de la tierra y a historias que pasan de generaci\u00f3n en generaci\u00f3n. Aqu\u00ed encontrar\u00e1s restaurantes que cocinan con cari\u00f1o, que respetan la tradici\u00f3n y que convierten cada plato en una experiencia. Lugares que no solo se disfrutan\u2026 tambi\u00e9n se recuerdan.<\/p>\n<p>[\/et_pb_text][et_pb_divider _builder_version=\u00bb4.27.4&#8243; _module_preset=\u00bbdefault\u00bb hover_enabled=\u00bb0&#8243; sticky_enabled=\u00bb0&#8243; show_divider=\u00bboff\u00bb min_height=\u00bb152px\u00bb][\/et_pb_divider][et_pb_image src=\u00bbhttps:\/\/www.pueblosqueenamoran.com\/wp-content\/uploads\/2025\/12\/FlechaCorazon.png\u00bb title_text=\u00bbFlechaCorazon\u00bb _builder_version=\u00bb4.27.4&#8243; _module_preset=\u00bbdefault\u00bb positioning=\u00bbabsolute\u00bb position_origin_a=\u00bbcenter_right\u00bb horizontal_offset=\u00bb-6px\u00bb position_origin_a_tablet=\u00bbcenter_left\u00bb position_origin_a_phone=\u00bbcenter_left\u00bb position_origin_a_last_edited=\u00bbon|tablet\u00bb position_origin_f_tablet=\u00bb\u00bb position_origin_f_phone=\u00bb\u00bb position_origin_f_last_edited=\u00bbon|phone\u00bb position_origin_r_tablet=\u00bb\u00bb position_origin_r_phone=\u00bb\u00bb position_origin_r_last_edited=\u00bbon|phone\u00bb width=\u00bb30%\u00bb custom_margin=\u00bb20%||||false|false\u00bb positioning_tablet=\u00bbabsolute\u00bb positioning_phone=\u00bbabsolute\u00bb positioning_last_edited=\u00bbon|phone\u00bb global_colors_info=\u00bb{}\u00bb][\/et_pb_image][\/et_pb_column][et_pb_column type=\u00bb2_5&#8243; _builder_version=\u00bb4.27.4&#8243; _module_preset=\u00bbdefault\u00bb custom_padding=\u00bb15%||||false|false\u00bb hover_enabled=\u00bb0&#8243; global_colors_info=\u00bb{}\u00bb transform_translate=\u00bb20px|-96px\u00bb sticky_enabled=\u00bb0&#8243;][et_pb_video src=\u00bbhttps:\/\/www.youtube.com\/watch?v=FkQuawiGWUw\u00bb image_src=\u00bbhttps:\/\/www.pueblosqueenamoran.com\/wp-content\/uploads\/2025\/12\/Farm-to-table-41.jpg\u00bb font_icon=\u00bb&#x45;||divi||400&#8243; _builder_version=\u00bb4.17.4&#8243; _module_preset=\u00bbdefault\u00bb custom_margin=\u00bb|-5vw|||false|false\u00bb custom_margin_tablet=\u00bb|0vw|||false|false\u00bb custom_margin_phone=\u00bb|0vw|||false|false\u00bb custom_margin_last_edited=\u00bbon|tablet\u00bb global_colors_info=\u00bb{}\u00bb][\/et_pb_video][\/et_pb_column][\/et_pb_row][\/et_pb_section][et_pb_section fb_built=\u00bb1&#8243; admin_label=\u00bbBlog\u00bb _builder_version=\u00bb4.17.4&#8243; _module_preset=\u00bbdefault\u00bb locked=\u00bboff\u00bb collapsed=\u00bbon\u00bb global_colors_info=\u00bb{}\u00bb][et_pb_row _builder_version=\u00bb4.17.4&#8243; _module_preset=\u00bbdefault\u00bb global_colors_info=\u00bb{}\u00bb][et_pb_column type=\u00bb4_4&#8243; _builder_version=\u00bb4.17.4&#8243; _module_preset=\u00bbdefault\u00bb global_colors_info=\u00bb{}\u00bb][et_pb_blog fullwidth=\u00bboff\u00bb posts_number=\u00bb100&#8243; include_categories=\u00bb5&#8243; show_more=\u00bbon\u00bb show_author=\u00bboff\u00bb show_pagination=\u00bboff\u00bb _builder_version=\u00bb4.27.4&#8243; _module_preset=\u00bb8134c645-7901-4e53-b1e3-cd292a901c19&#8243; header_font=\u00bbPoppins|600|||||||\u00bb header_text_color=\u00bb#000000&#8243; header_font_size=\u00bb20px\u00bb header_line_height=\u00bb1.3em\u00bb body_font=\u00bbLibre Franklin||||||||\u00bb body_text_color=\u00bbrgba(0,0,0,0.5)\u00bb body_line_height=\u00bb2em\u00bb meta_font=\u00bbLibre Franklin|700|||||||\u00bb meta_text_color=\u00bb#000000&#8243; read_more_font=\u00bbLibre Franklin|700||on|||||\u00bb read_more_text_color=\u00bb#73C345&#8243; pagination_font=\u00bbLibre Franklin|700||on|||||\u00bb pagination_text_color=\u00bb#73C345&#8243; border_width_all=\u00bb0px\u00bb box_shadow_style=\u00bbpreset1&#8243; box_shadow_vertical=\u00bb25px\u00bb box_shadow_blur=\u00bb30px\u00bb box_shadow_color=\u00bbrgba(42,41,35,0.04)\u00bb locked=\u00bboff\u00bb global_colors_info=\u00bb{}\u00bb][\/et_pb_blog][\/et_pb_column][\/et_pb_row][\/et_pb_section]<\/p>\n","protected":false},"excerpt":{"rendered":"<p>RESTAURANTES QUE\u00a0 ENAMORAN\u201cRestaurantes que Enamoran\u201d re\u00fane los locales m\u00e1s especiales de Extremadura: sitios donde la comida sabe a verdad, a producto de la tierra y a historias que pasan de generaci\u00f3n en generaci\u00f3n. Aqu\u00ed encontrar\u00e1s restaurantes que cocinan con cari\u00f1o, que respetan la tradici\u00f3n y que convierten cada plato en una experiencia. Lugares que no [&hellip;]<\/p>\n","protected":false},"author":1,"featured_media":0,"parent":0,"menu_order":0,"comment_status":"closed","ping_status":"closed","template":"","meta":{"_et_pb_use_builder":"on","_et_pb_old_content":"","_et_gb_content_width":"","footnotes":""},"class_list":["post-267","page","type-page","status-publish","hentry"],"yoast_head":"<!-- This site is optimized with the Yoast SEO plugin v26.6 - https:\/\/yoast.com\/wordpress\/plugins\/seo\/ -->\n<title>Restaurantes que Enamoran en Pueblos que Enamoran<\/title>\n<meta name=\"description\" content=\"Descubre restaurantes que enamoran: cocina tradicional, productos locales y experiencias gastron\u00f3micas que enamoran.\" \/>\n<meta name=\"robots\" content=\"index, follow, max-snippet:-1, max-image-preview:large, max-video-preview:-1\" \/>\n<link rel=\"canonical\" href=\"https:\/\/www.pueblosqueenamoran.com\/index.php\/restaurantes-que-enamoran-2\/\" \/>\n<meta property=\"og:locale\" content=\"es_ES\" \/>\n<meta property=\"og:type\" content=\"article\" \/>\n<meta property=\"og:title\" content=\"Restaurantes que Enamoran en Pueblos que Enamoran\" \/>\n<meta property=\"og:description\" content=\"Descubre restaurantes que enamoran: cocina tradicional, productos locales y experiencias gastron\u00f3micas que enamoran.\" \/>\n<meta property=\"og:url\" content=\"https:\/\/www.pueblosqueenamoran.com\/index.php\/restaurantes-que-enamoran-2\/\" \/>\n<meta property=\"og:site_name\" content=\"Pueblos que Enamoran\" \/>\n<meta property=\"article:modified_time\" content=\"2025-12-28T08:30:22+00:00\" \/>\n<meta name=\"twitter:card\" content=\"summary_large_image\" \/>\n<meta name=\"twitter:label1\" content=\"Tiempo de lectura\" \/>\n\t<meta name=\"twitter:data1\" content=\"1 minuto\" \/>\n<script type=\"application\/ld+json\" class=\"yoast-schema-graph\">{\"@context\":\"https:\/\/schema.org\",\"@graph\":[{\"@type\":\"WebPage\",\"@id\":\"https:\/\/www.pueblosqueenamoran.com\/index.php\/restaurantes-que-enamoran-2\/\",\"url\":\"https:\/\/www.pueblosqueenamoran.com\/index.php\/restaurantes-que-enamoran-2\/\",\"name\":\"Restaurantes que Enamoran en Pueblos que Enamoran\",\"isPartOf\":{\"@id\":\"https:\/\/www.pueblosqueenamoran.com\/#website\"},\"datePublished\":\"2025-12-11T20:54:22+00:00\",\"dateModified\":\"2025-12-28T08:30:22+00:00\",\"description\":\"Descubre restaurantes que enamoran: cocina tradicional, productos locales y experiencias gastron\u00f3micas que enamoran.\",\"breadcrumb\":{\"@id\":\"https:\/\/www.pueblosqueenamoran.com\/index.php\/restaurantes-que-enamoran-2\/#breadcrumb\"},\"inLanguage\":\"es\",\"potentialAction\":[{\"@type\":\"ReadAction\",\"target\":[\"https:\/\/www.pueblosqueenamoran.com\/index.php\/restaurantes-que-enamoran-2\/\"]}]},{\"@type\":\"BreadcrumbList\",\"@id\":\"https:\/\/www.pueblosqueenamoran.com\/index.php\/restaurantes-que-enamoran-2\/#breadcrumb\",\"itemListElement\":[{\"@type\":\"ListItem\",\"position\":1,\"name\":\"Portada\",\"item\":\"https:\/\/www.pueblosqueenamoran.com\/\"},{\"@type\":\"ListItem\",\"position\":2,\"name\":\"Restaurantes Que Enamoran\"}]},{\"@type\":\"WebSite\",\"@id\":\"https:\/\/www.pueblosqueenamoran.com\/#website\",\"url\":\"https:\/\/www.pueblosqueenamoran.com\/\",\"name\":\"Pueblos que Enamoran\",\"description\":\"\",\"publisher\":{\"@id\":\"https:\/\/www.pueblosqueenamoran.com\/#organization\"},\"potentialAction\":[{\"@type\":\"SearchAction\",\"target\":{\"@type\":\"EntryPoint\",\"urlTemplate\":\"https:\/\/www.pueblosqueenamoran.com\/?s={search_term_string}\"},\"query-input\":{\"@type\":\"PropertyValueSpecification\",\"valueRequired\":true,\"valueName\":\"search_term_string\"}}],\"inLanguage\":\"es\"},{\"@type\":\"Organization\",\"@id\":\"https:\/\/www.pueblosqueenamoran.com\/#organization\",\"name\":\"Pueblos que Enamoran\",\"url\":\"https:\/\/www.pueblosqueenamoran.com\/\",\"logo\":{\"@type\":\"ImageObject\",\"inLanguage\":\"es\",\"@id\":\"https:\/\/www.pueblosqueenamoran.com\/#\/schema\/logo\/image\/\",\"url\":\"https:\/\/www.pueblosqueenamoran.com\/wp-content\/uploads\/2025\/12\/favi.png\",\"contentUrl\":\"https:\/\/www.pueblosqueenamoran.com\/wp-content\/uploads\/2025\/12\/favi.png\",\"width\":512,\"height\":512,\"caption\":\"Pueblos que Enamoran\"},\"image\":{\"@id\":\"https:\/\/www.pueblosqueenamoran.com\/#\/schema\/logo\/image\/\"}}]}<\/script>\n<!-- \/ Yoast SEO plugin. -->","yoast_head_json":{"title":"Restaurantes que Enamoran en Pueblos que Enamoran","description":"Descubre restaurantes que enamoran: cocina tradicional, productos locales y experiencias gastron\u00f3micas que enamoran.","robots":{"index":"index","follow":"follow","max-snippet":"max-snippet:-1","max-image-preview":"max-image-preview:large","max-video-preview":"max-video-preview:-1"},"canonical":"https:\/\/www.pueblosqueenamoran.com\/index.php\/restaurantes-que-enamoran-2\/","og_locale":"es_ES","og_type":"article","og_title":"Restaurantes que Enamoran en Pueblos que Enamoran","og_description":"Descubre restaurantes que enamoran: cocina tradicional, productos locales y experiencias gastron\u00f3micas que enamoran.","og_url":"https:\/\/www.pueblosqueenamoran.com\/index.php\/restaurantes-que-enamoran-2\/","og_site_name":"Pueblos que Enamoran","article_modified_time":"2025-12-28T08:30:22+00:00","twitter_card":"summary_large_image","twitter_misc":{"Tiempo de lectura":"1 minuto"},"schema":{"@context":"https:\/\/schema.org","@graph":[{"@type":"WebPage","@id":"https:\/\/www.pueblosqueenamoran.com\/index.php\/restaurantes-que-enamoran-2\/","url":"https:\/\/www.pueblosqueenamoran.com\/index.php\/restaurantes-que-enamoran-2\/","name":"Restaurantes que Enamoran en Pueblos que Enamoran","isPartOf":{"@id":"https:\/\/www.pueblosqueenamoran.com\/#website"},"datePublished":"2025-12-11T20:54:22+00:00","dateModified":"2025-12-28T08:30:22+00:00","description":"Descubre restaurantes que enamoran: cocina tradicional, productos locales y experiencias gastron\u00f3micas que enamoran.","breadcrumb":{"@id":"https:\/\/www.pueblosqueenamoran.com\/index.php\/restaurantes-que-enamoran-2\/#breadcrumb"},"inLanguage":"es","potentialAction":[{"@type":"ReadAction","target":["https:\/\/www.pueblosqueenamoran.com\/index.php\/restaurantes-que-enamoran-2\/"]}]},{"@type":"BreadcrumbList","@id":"https:\/\/www.pueblosqueenamoran.com\/index.php\/restaurantes-que-enamoran-2\/#breadcrumb","itemListElement":[{"@type":"ListItem","position":1,"name":"Portada","item":"https:\/\/www.pueblosqueenamoran.com\/"},{"@type":"ListItem","position":2,"name":"Restaurantes Que Enamoran"}]},{"@type":"WebSite","@id":"https:\/\/www.pueblosqueenamoran.com\/#website","url":"https:\/\/www.pueblosqueenamoran.com\/","name":"Pueblos que Enamoran","description":"","publisher":{"@id":"https:\/\/www.pueblosqueenamoran.com\/#organization"},"potentialAction":[{"@type":"SearchAction","target":{"@type":"EntryPoint","urlTemplate":"https:\/\/www.pueblosqueenamoran.com\/?s={search_term_string}"},"query-input":{"@type":"PropertyValueSpecification","valueRequired":true,"valueName":"search_term_string"}}],"inLanguage":"es"},{"@type":"Organization","@id":"https:\/\/www.pueblosqueenamoran.com\/#organization","name":"Pueblos que Enamoran","url":"https:\/\/www.pueblosqueenamoran.com\/","logo":{"@type":"ImageObject","inLanguage":"es","@id":"https:\/\/www.pueblosqueenamoran.com\/#\/schema\/logo\/image\/","url":"https:\/\/www.pueblosqueenamoran.com\/wp-content\/uploads\/2025\/12\/favi.png","contentUrl":"https:\/\/www.pueblosqueenamoran.com\/wp-content\/uploads\/2025\/12\/favi.png","width":512,"height":512,"caption":"Pueblos que Enamoran"},"image":{"@id":"https:\/\/www.pueblosqueenamoran.com\/#\/schema\/logo\/image\/"}}]}},"_links":{"self":[{"href":"https:\/\/www.pueblosqueenamoran.com\/index.php\/wp-json\/wp\/v2\/pages\/267","targetHints":{"allow":["GET"]}}],"collection":[{"href":"https:\/\/www.pueblosqueenamoran.com\/index.php\/wp-json\/wp\/v2\/pages"}],"about":[{"href":"https:\/\/www.pueblosqueenamoran.com\/index.php\/wp-json\/wp\/v2\/types\/page"}],"author":[{"embeddable":true,"href":"https:\/\/www.pueblosqueenamoran.com\/index.php\/wp-json\/wp\/v2\/users\/1"}],"replies":[{"embeddable":true,"href":"https:\/\/www.pueblosqueenamoran.com\/index.php\/wp-json\/wp\/v2\/comments?post=267"}],"version-history":[{"count":14,"href":"https:\/\/www.pueblosqueenamoran.com\/index.php\/wp-json\/wp\/v2\/pages\/267\/revisions"}],"predecessor-version":[{"id":387,"href":"https:\/\/www.pueblosqueenamoran.com\/index.php\/wp-json\/wp\/v2\/pages\/267\/revisions\/387"}],"wp:attachment":[{"href":"https:\/\/www.pueblosqueenamoran.com\/index.php\/wp-json\/wp\/v2\/media?parent=267"}],"curies":[{"name":"wp","href":"https:\/\/api.w.org\/{rel}","templated":true}]}}